{"id":666,"date":"2021-01-27T16:17:23","date_gmt":"2021-01-27T15:17:23","guid":{"rendered":"https:\/\/terres-secretes.com\/revelis\/"},"modified":"2021-03-05T14:54:09","modified_gmt":"2021-03-05T13:54:09","slug":"revelis","status":"publish","type":"page","link":"https:\/\/terres-secretes.com\/en\/revelis\/","title":{"rendered":"R\u00e9v\u00e9lis"},"content":{"rendered":"\n<h3>Exceptional !<\/h3>\n\n<p>It took five years for R\u00e9v\u00e9lis, the quintessence of our production, to see the light of day. In 2016, the idea of \u200b\u200ban emblematic cuv\u00e9e germinated within the young group of winegrowers from Vignerons des Terres Secr\u00e8tes. After several months of analysis, only five plots were selected for their exceptional terroirs. <\/p>\n\n<p>R\u00e9v\u00e9lis is the result of real cooperative work between all the players in our cellar: from the vine to the glass. The result perfectly expresses the expertise of the Vignerons des Terres Secr\u00e8tes in terms of plot selections and micro-vinifications.<\/p>\n","protected":false},"excerpt":{"rendered":"<p>Exceptional ! It took five years for R\u00e9v\u00e9lis, the quintessence of our production, to see the light of day. In 2016, the idea of \u200b\u200ban emblematic cuv\u00e9e germinated within the young group of winegrowers from Vignerons des Terres Secr\u00e8tes. After several months of analysis, only five plots were selected for their exceptional terroirs. R\u00e9v\u00e9lis is [&#8230;]<\/p>\n<p><a class=\"btn btn-secondary understrap-read-more-link\" href=\"https:\/\/terres-secretes.com\/en\/revelis\/\">Read More&#8230;<span class=\"screen-reader-text\"> from R\u00e9v\u00e9lis<\/span><\/a><\/p>\n","protected":false},"author":1,"featured_media":0,"parent":0,"menu_order":19,"comment_status":"closed","ping_status":"closed","template":"page-revelis.php","meta":[],"acf":[],"yoast_head":"<!-- This site is optimized with the Yoast SEO plugin v20.6 - https:\/\/yoast.com\/wordpress\/plugins\/seo\/ -->\n<title>Terres Secr\u00e8tes - R\u00e9v\u00e9lis<\/title>\n<meta name=\"robots\" content=\"index, follow, max-snippet:-1, max-image-preview:large, max-video-preview:-1\" \/>\n<link rel=\"canonical\" href=\"https:\/\/terres-secretes.com\/en\/revelis\/\" \/>\n<meta property=\"og:locale\" content=\"en_US\" \/>\n<meta property=\"og:type\" content=\"article\" \/>\n<meta property=\"og:title\" content=\"Terres Secr\u00e8tes - R\u00e9v\u00e9lis\" \/>\n<meta property=\"og:description\" content=\"Exceptional ! It took five years for R\u00e9v\u00e9lis, the quintessence of our production, to see the light of day. In 2016, the idea of \u200b\u200ban emblematic cuv\u00e9e germinated within the young group of winegrowers from Vignerons des Terres Secr\u00e8tes. After several months of analysis, only five plots were selected for their exceptional terroirs. R\u00e9v\u00e9lis is [...]Read More... from R\u00e9v\u00e9lis\" \/>\n<meta property=\"og:url\" content=\"https:\/\/terres-secretes.com\/en\/revelis\/\" \/>\n<meta property=\"og:site_name\" content=\"Terres Secr\u00e8tes\" \/>\n<meta property=\"article:publisher\" content=\"https:\/\/www.facebook.com\/vigneronsterressecretes\" \/>\n<meta property=\"article:modified_time\" content=\"2021-03-05T13:54:09+00:00\" \/>\n<meta name=\"twitter:card\" content=\"summary_large_image\" \/>\n<script type=\"application\/ld+json\" class=\"yoast-schema-graph\">{\"@context\":\"https:\/\/schema.org\",\"@graph\":[{\"@type\":\"WebPage\",\"@id\":\"https:\/\/terres-secretes.com\/en\/revelis\/\",\"url\":\"https:\/\/terres-secretes.com\/en\/revelis\/\",\"name\":\"Terres Secr\u00e8tes - R\u00e9v\u00e9lis\",\"isPartOf\":{\"@id\":\"https:\/\/terres-secretes.com\/#website\"},\"datePublished\":\"2021-01-27T15:17:23+00:00\",\"dateModified\":\"2021-03-05T13:54:09+00:00\",\"breadcrumb\":{\"@id\":\"https:\/\/terres-secretes.com\/en\/revelis\/#breadcrumb\"},\"inLanguage\":\"en-US\",\"potentialAction\":[{\"@type\":\"ReadAction\",\"target\":[\"https:\/\/terres-secretes.com\/en\/revelis\/\"]}]},{\"@type\":\"BreadcrumbList\",\"@id\":\"https:\/\/terres-secretes.com\/en\/revelis\/#breadcrumb\",\"itemListElement\":[{\"@type\":\"ListItem\",\"position\":1,\"name\":\"Accueil\",\"item\":\"https:\/\/terres-secretes.com\/en\/\"},{\"@type\":\"ListItem\",\"position\":2,\"name\":\"R\u00e9v\u00e9lis\"}]},{\"@type\":\"WebSite\",\"@id\":\"https:\/\/terres-secretes.com\/#website\",\"url\":\"https:\/\/terres-secretes.com\/\",\"name\":\"Terres Secr\u00e8tes\",\"description\":\"Depuis 1928\",\"publisher\":{\"@id\":\"https:\/\/terres-secretes.com\/#organization\"},\"potentialAction\":[{\"@type\":\"SearchAction\",\"target\":{\"@type\":\"EntryPoint\",\"urlTemplate\":\"https:\/\/terres-secretes.com\/?s={search_term_string}\"},\"query-input\":\"required name=search_term_string\"}],\"inLanguage\":\"en-US\"},{\"@type\":\"Organization\",\"@id\":\"https:\/\/terres-secretes.com\/#organization\",\"name\":\"Terres Secr\u00e8tes\",\"url\":\"https:\/\/terres-secretes.com\/\",\"logo\":{\"@type\":\"ImageObject\",\"inLanguage\":\"en-US\",\"@id\":\"https:\/\/terres-secretes.com\/#\/schema\/logo\/image\/\",\"url\":\"https:\/\/terres-secretes.com\/wp-content\/uploads\/2020\/12\/cropped-logo_vts.png\",\"contentUrl\":\"https:\/\/terres-secretes.com\/wp-content\/uploads\/2020\/12\/cropped-logo_vts.png\",\"width\":512,\"height\":512,\"caption\":\"Terres Secr\u00e8tes\"},\"image\":{\"@id\":\"https:\/\/terres-secretes.com\/#\/schema\/logo\/image\/\"},\"sameAs\":[\"https:\/\/www.facebook.com\/vigneronsterressecretes\",\"https:\/\/www.instagram.com\/terressecretes\/\",\"https:\/\/www.linkedin.com\/company\/vignerons-des-terres-secretes\/\",\"https:\/\/www.youtube.com\/channel\/UCKg0XZDmaHqOPTMfciTCSdw\"]}]}<\/script>\n<!-- \/ Yoast SEO plugin. -->","yoast_head_json":{"title":"Terres Secr\u00e8tes - R\u00e9v\u00e9lis","robots":{"index":"index","follow":"follow","max-snippet":"max-snippet:-1","max-image-preview":"max-image-preview:large","max-video-preview":"max-video-preview:-1"},"canonical":"https:\/\/terres-secretes.com\/en\/revelis\/","og_locale":"en_US","og_type":"article","og_title":"Terres Secr\u00e8tes - R\u00e9v\u00e9lis","og_description":"Exceptional ! It took five years for R\u00e9v\u00e9lis, the quintessence of our production, to see the light of day. In 2016, the idea of \u200b\u200ban emblematic cuv\u00e9e germinated within the young group of winegrowers from Vignerons des Terres Secr\u00e8tes. After several months of analysis, only five plots were selected for their exceptional terroirs. R\u00e9v\u00e9lis is [...]Read More... from R\u00e9v\u00e9lis","og_url":"https:\/\/terres-secretes.com\/en\/revelis\/","og_site_name":"Terres Secr\u00e8tes","article_publisher":"https:\/\/www.facebook.com\/vigneronsterressecretes","article_modified_time":"2021-03-05T13:54:09+00:00","twitter_card":"summary_large_image","schema":{"@context":"https:\/\/schema.org","@graph":[{"@type":"WebPage","@id":"https:\/\/terres-secretes.com\/en\/revelis\/","url":"https:\/\/terres-secretes.com\/en\/revelis\/","name":"Terres Secr\u00e8tes - R\u00e9v\u00e9lis","isPartOf":{"@id":"https:\/\/terres-secretes.com\/#website"},"datePublished":"2021-01-27T15:17:23+00:00","dateModified":"2021-03-05T13:54:09+00:00","breadcrumb":{"@id":"https:\/\/terres-secretes.com\/en\/revelis\/#breadcrumb"},"inLanguage":"en-US","potentialAction":[{"@type":"ReadAction","target":["https:\/\/terres-secretes.com\/en\/revelis\/"]}]},{"@type":"BreadcrumbList","@id":"https:\/\/terres-secretes.com\/en\/revelis\/#breadcrumb","itemListElement":[{"@type":"ListItem","position":1,"name":"Accueil","item":"https:\/\/terres-secretes.com\/en\/"},{"@type":"ListItem","position":2,"name":"R\u00e9v\u00e9lis"}]},{"@type":"WebSite","@id":"https:\/\/terres-secretes.com\/#website","url":"https:\/\/terres-secretes.com\/","name":"Terres Secr\u00e8tes","description":"Depuis 1928","publisher":{"@id":"https:\/\/terres-secretes.com\/#organization"},"potentialAction":[{"@type":"SearchAction","target":{"@type":"EntryPoint","urlTemplate":"https:\/\/terres-secretes.com\/?s={search_term_string}"},"query-input":"required name=search_term_string"}],"inLanguage":"en-US"},{"@type":"Organization","@id":"https:\/\/terres-secretes.com\/#organization","name":"Terres Secr\u00e8tes","url":"https:\/\/terres-secretes.com\/","logo":{"@type":"ImageObject","inLanguage":"en-US","@id":"https:\/\/terres-secretes.com\/#\/schema\/logo\/image\/","url":"https:\/\/terres-secretes.com\/wp-content\/uploads\/2020\/12\/cropped-logo_vts.png","contentUrl":"https:\/\/terres-secretes.com\/wp-content\/uploads\/2020\/12\/cropped-logo_vts.png","width":512,"height":512,"caption":"Terres Secr\u00e8tes"},"image":{"@id":"https:\/\/terres-secretes.com\/#\/schema\/logo\/image\/"},"sameAs":["https:\/\/www.facebook.com\/vigneronsterressecretes","https:\/\/www.instagram.com\/terressecretes\/","https:\/\/www.linkedin.com\/company\/vignerons-des-terres-secretes\/","https:\/\/www.youtube.com\/channel\/UCKg0XZDmaHqOPTMfciTCSdw"]}]}},"_links":{"self":[{"href":"https:\/\/terres-secretes.com\/en\/wp-json\/wp\/v2\/pages\/666"}],"collection":[{"href":"https:\/\/terres-secretes.com\/en\/wp-json\/wp\/v2\/pages"}],"about":[{"href":"https:\/\/terres-secretes.com\/en\/wp-json\/wp\/v2\/types\/page"}],"author":[{"embeddable":true,"href":"https:\/\/terres-secretes.com\/en\/wp-json\/wp\/v2\/users\/1"}],"replies":[{"embeddable":true,"href":"https:\/\/terres-secretes.com\/en\/wp-json\/wp\/v2\/comments?post=666"}],"version-history":[{"count":14,"href":"https:\/\/terres-secretes.com\/en\/wp-json\/wp\/v2\/pages\/666\/revisions"}],"predecessor-version":[{"id":776,"href":"https:\/\/terres-secretes.com\/en\/wp-json\/wp\/v2\/pages\/666\/revisions\/776"}],"wp:attachment":[{"href":"https:\/\/terres-secretes.com\/en\/wp-json\/wp\/v2\/media?parent=666"}],"curies":[{"name":"wp","href":"https:\/\/api.w.org\/{rel}","templated":true}]}}