{"id":59232,"date":"2022-05-24T14:09:17","date_gmt":"2022-05-24T12:09:17","guid":{"rendered":"https:\/\/terres-secretes.com\/cerco\/"},"modified":"2022-05-25T09:11:29","modified_gmt":"2022-05-25T07:11:29","slug":"cerco-bio","status":"publish","type":"page","link":"https:\/\/terres-secretes.com\/en\/cerco-bio\/","title":{"rendered":"Cer\u00e7o"},"content":{"rendered":"","protected":false},"excerpt":{"rendered":"<p> [&#8230;]<\/p>\n<p><a class=\"btn btn-secondary understrap-read-more-link\" href=\"https:\/\/terres-secretes.com\/en\/cerco-bio\/\">Read More&#8230;<span class=\"screen-reader-text\"> from Cer\u00e7o<\/span><\/a><\/p>\n","protected":false},"author":1,"featured_media":0,"parent":0,"menu_order":0,"comment_status":"closed","ping_status":"closed","template":"","meta":[],"acf":[],"yoast_head":"<!-- This site is optimized with the Yoast SEO plugin v20.6 - https:\/\/yoast.com\/wordpress\/plugins\/seo\/ -->\n<title>Cer\u00e7o, new range of organic wines from Terres Secr\u00e8tes<\/title>\n<meta name=\"description\" content=\"Cer\u00e7o, the first range of wines in organic conversion, 100% eco-designed, collaborative and committed to the Vignerons des Terres Secr\u00e8tes and Nuiton-Beaunoy.\" \/>\n<meta name=\"robots\" content=\"index, follow, max-snippet:-1, max-image-preview:large, max-video-preview:-1\" \/>\n<link rel=\"canonical\" href=\"https:\/\/terres-secretes.com\/en\/cerco-bio\/\" \/>\n<meta property=\"og:locale\" content=\"en_US\" \/>\n<meta property=\"og:type\" content=\"article\" \/>\n<meta property=\"og:title\" content=\"Cer\u00e7o, new range of organic wines from Terres Secr\u00e8tes\" \/>\n<meta property=\"og:description\" content=\"Cer\u00e7o, the first range of wines in organic conversion, 100% eco-designed, collaborative and committed to the Vignerons des Terres Secr\u00e8tes and Nuiton-Beaunoy.\" \/>\n<meta property=\"og:url\" content=\"https:\/\/terres-secretes.com\/en\/cerco-bio\/\" \/>\n<meta property=\"og:site_name\" content=\"Terres Secr\u00e8tes\" \/>\n<meta property=\"article:publisher\" content=\"https:\/\/www.facebook.com\/vigneronsterressecretes\" \/>\n<meta property=\"article:modified_time\" content=\"2022-05-25T07:11:29+00:00\" \/>\n<meta name=\"twitter:card\" content=\"summary_large_image\" \/>\n<script type=\"application\/ld+json\" class=\"yoast-schema-graph\">{\"@context\":\"https:\/\/schema.org\",\"@graph\":[{\"@type\":\"WebPage\",\"@id\":\"https:\/\/terres-secretes.com\/en\/cerco-bio\/\",\"url\":\"https:\/\/terres-secretes.com\/en\/cerco-bio\/\",\"name\":\"Cer\u00e7o, new range of organic wines from Terres Secr\u00e8tes\",\"isPartOf\":{\"@id\":\"https:\/\/terres-secretes.com\/#website\"},\"datePublished\":\"2022-05-24T12:09:17+00:00\",\"dateModified\":\"2022-05-25T07:11:29+00:00\",\"description\":\"Cer\u00e7o, the first range of wines in organic conversion, 100% eco-designed, collaborative and committed to the Vignerons des Terres Secr\u00e8tes and Nuiton-Beaunoy.\",\"breadcrumb\":{\"@id\":\"https:\/\/terres-secretes.com\/en\/cerco-bio\/#breadcrumb\"},\"inLanguage\":\"en-US\",\"potentialAction\":[{\"@type\":\"ReadAction\",\"target\":[\"https:\/\/terres-secretes.com\/en\/cerco-bio\/\"]}]},{\"@type\":\"BreadcrumbList\",\"@id\":\"https:\/\/terres-secretes.com\/en\/cerco-bio\/#breadcrumb\",\"itemListElement\":[{\"@type\":\"ListItem\",\"position\":1,\"name\":\"Accueil\",\"item\":\"https:\/\/terres-secretes.com\/en\/\"},{\"@type\":\"ListItem\",\"position\":2,\"name\":\"Cer\u00e7o\"}]},{\"@type\":\"WebSite\",\"@id\":\"https:\/\/terres-secretes.com\/#website\",\"url\":\"https:\/\/terres-secretes.com\/\",\"name\":\"Terres Secr\u00e8tes\",\"description\":\"Depuis 1928\",\"publisher\":{\"@id\":\"https:\/\/terres-secretes.com\/#organization\"},\"potentialAction\":[{\"@type\":\"SearchAction\",\"target\":{\"@type\":\"EntryPoint\",\"urlTemplate\":\"https:\/\/terres-secretes.com\/?s={search_term_string}\"},\"query-input\":\"required name=search_term_string\"}],\"inLanguage\":\"en-US\"},{\"@type\":\"Organization\",\"@id\":\"https:\/\/terres-secretes.com\/#organization\",\"name\":\"Terres Secr\u00e8tes\",\"url\":\"https:\/\/terres-secretes.com\/\",\"logo\":{\"@type\":\"ImageObject\",\"inLanguage\":\"en-US\",\"@id\":\"https:\/\/terres-secretes.com\/#\/schema\/logo\/image\/\",\"url\":\"https:\/\/terres-secretes.com\/wp-content\/uploads\/2020\/12\/cropped-logo_vts.png\",\"contentUrl\":\"https:\/\/terres-secretes.com\/wp-content\/uploads\/2020\/12\/cropped-logo_vts.png\",\"width\":512,\"height\":512,\"caption\":\"Terres Secr\u00e8tes\"},\"image\":{\"@id\":\"https:\/\/terres-secretes.com\/#\/schema\/logo\/image\/\"},\"sameAs\":[\"https:\/\/www.facebook.com\/vigneronsterressecretes\",\"https:\/\/www.instagram.com\/terressecretes\/\",\"https:\/\/www.linkedin.com\/company\/vignerons-des-terres-secretes\/\",\"https:\/\/www.youtube.com\/channel\/UCKg0XZDmaHqOPTMfciTCSdw\"]}]}<\/script>\n<!-- \/ Yoast SEO plugin. -->","yoast_head_json":{"title":"Cer\u00e7o, new range of organic wines from Terres Secr\u00e8tes","description":"Cer\u00e7o, the first range of wines in organic conversion, 100% eco-designed, collaborative and committed to the Vignerons des Terres Secr\u00e8tes and Nuiton-Beaunoy.","robots":{"index":"index","follow":"follow","max-snippet":"max-snippet:-1","max-image-preview":"max-image-preview:large","max-video-preview":"max-video-preview:-1"},"canonical":"https:\/\/terres-secretes.com\/en\/cerco-bio\/","og_locale":"en_US","og_type":"article","og_title":"Cer\u00e7o, new range of organic wines from Terres Secr\u00e8tes","og_description":"Cer\u00e7o, the first range of wines in organic conversion, 100% eco-designed, collaborative and committed to the Vignerons des Terres Secr\u00e8tes and Nuiton-Beaunoy.","og_url":"https:\/\/terres-secretes.com\/en\/cerco-bio\/","og_site_name":"Terres Secr\u00e8tes","article_publisher":"https:\/\/www.facebook.com\/vigneronsterressecretes","article_modified_time":"2022-05-25T07:11:29+00:00","twitter_card":"summary_large_image","schema":{"@context":"https:\/\/schema.org","@graph":[{"@type":"WebPage","@id":"https:\/\/terres-secretes.com\/en\/cerco-bio\/","url":"https:\/\/terres-secretes.com\/en\/cerco-bio\/","name":"Cer\u00e7o, new range of organic wines from Terres Secr\u00e8tes","isPartOf":{"@id":"https:\/\/terres-secretes.com\/#website"},"datePublished":"2022-05-24T12:09:17+00:00","dateModified":"2022-05-25T07:11:29+00:00","description":"Cer\u00e7o, the first range of wines in organic conversion, 100% eco-designed, collaborative and committed to the Vignerons des Terres Secr\u00e8tes and Nuiton-Beaunoy.","breadcrumb":{"@id":"https:\/\/terres-secretes.com\/en\/cerco-bio\/#breadcrumb"},"inLanguage":"en-US","potentialAction":[{"@type":"ReadAction","target":["https:\/\/terres-secretes.com\/en\/cerco-bio\/"]}]},{"@type":"BreadcrumbList","@id":"https:\/\/terres-secretes.com\/en\/cerco-bio\/#breadcrumb","itemListElement":[{"@type":"ListItem","position":1,"name":"Accueil","item":"https:\/\/terres-secretes.com\/en\/"},{"@type":"ListItem","position":2,"name":"Cer\u00e7o"}]},{"@type":"WebSite","@id":"https:\/\/terres-secretes.com\/#website","url":"https:\/\/terres-secretes.com\/","name":"Terres Secr\u00e8tes","description":"Depuis 1928","publisher":{"@id":"https:\/\/terres-secretes.com\/#organization"},"potentialAction":[{"@type":"SearchAction","target":{"@type":"EntryPoint","urlTemplate":"https:\/\/terres-secretes.com\/?s={search_term_string}"},"query-input":"required name=search_term_string"}],"inLanguage":"en-US"},{"@type":"Organization","@id":"https:\/\/terres-secretes.com\/#organization","name":"Terres Secr\u00e8tes","url":"https:\/\/terres-secretes.com\/","logo":{"@type":"ImageObject","inLanguage":"en-US","@id":"https:\/\/terres-secretes.com\/#\/schema\/logo\/image\/","url":"https:\/\/terres-secretes.com\/wp-content\/uploads\/2020\/12\/cropped-logo_vts.png","contentUrl":"https:\/\/terres-secretes.com\/wp-content\/uploads\/2020\/12\/cropped-logo_vts.png","width":512,"height":512,"caption":"Terres Secr\u00e8tes"},"image":{"@id":"https:\/\/terres-secretes.com\/#\/schema\/logo\/image\/"},"sameAs":["https:\/\/www.facebook.com\/vigneronsterressecretes","https:\/\/www.instagram.com\/terressecretes\/","https:\/\/www.linkedin.com\/company\/vignerons-des-terres-secretes\/","https:\/\/www.youtube.com\/channel\/UCKg0XZDmaHqOPTMfciTCSdw"]}]}},"_links":{"self":[{"href":"https:\/\/terres-secretes.com\/en\/wp-json\/wp\/v2\/pages\/59232"}],"collection":[{"href":"https:\/\/terres-secretes.com\/en\/wp-json\/wp\/v2\/pages"}],"about":[{"href":"https:\/\/terres-secretes.com\/en\/wp-json\/wp\/v2\/types\/page"}],"author":[{"embeddable":true,"href":"https:\/\/terres-secretes.com\/en\/wp-json\/wp\/v2\/users\/1"}],"replies":[{"embeddable":true,"href":"https:\/\/terres-secretes.com\/en\/wp-json\/wp\/v2\/comments?post=59232"}],"version-history":[{"count":5,"href":"https:\/\/terres-secretes.com\/en\/wp-json\/wp\/v2\/pages\/59232\/revisions"}],"predecessor-version":[{"id":60154,"href":"https:\/\/terres-secretes.com\/en\/wp-json\/wp\/v2\/pages\/59232\/revisions\/60154"}],"wp:attachment":[{"href":"https:\/\/terres-secretes.com\/en\/wp-json\/wp\/v2\/media?parent=59232"}],"curies":[{"name":"wp","href":"https:\/\/api.w.org\/{rel}","templated":true}]}}