{"id":539,"date":"2021-01-21T10:47:20","date_gmt":"2021-01-21T09:47:20","guid":{"rendered":"https:\/\/terres-secretes.com\/?page_id=539"},"modified":"2021-01-27T16:12:50","modified_gmt":"2021-01-27T15:12:50","slug":"wine-touris","status":"publish","type":"page","link":"https:\/\/terres-secretes.com\/en\/wine-touris\/","title":{"rendered":"Wine tourism"},"content":{"rendered":"\n<p>Partager diff\u00e9remment la passion qui nous anime, amener chacun \u00e0 mieux comprendre le travail de nos vignerons, tels sont les souhaits des Vignerons des Terres Secr\u00e8tes. Tant\u00f4t swing, souvent rires, quelques fois balades, toujours gourmands, Les Vignerons des Terres Secr\u00e8tes vous donnent rendez-vous en plein c\u0153ur du M\u00e2connais.<\/p>\n","protected":false},"excerpt":{"rendered":"<p>Partager diff\u00e9remment la passion qui nous anime, amener chacun \u00e0 mieux comprendre le travail de nos vignerons, tels sont les souhaits des Vignerons des Terres Secr\u00e8tes. Tant\u00f4t swing, souvent rires, quelques fois balades, toujours gourmands, Les Vignerons des Terres Secr\u00e8tes vous donnent rendez-vous en plein c\u0153ur du M\u00e2connais. [&#8230;]<\/p>\n<p><a class=\"btn btn-secondary understrap-read-more-link\" href=\"https:\/\/terres-secretes.com\/en\/wine-touris\/\">Read More&#8230;<span class=\"screen-reader-text\"> from Wine tourism<\/span><\/a><\/p>\n","protected":false},"author":1,"featured_media":0,"parent":0,"menu_order":3,"comment_status":"closed","ping_status":"closed","template":"page-oenotourisme.php","meta":[],"acf":[],"yoast_head":"<!-- This site is optimized with the Yoast SEO plugin v20.6 - https:\/\/yoast.com\/wordpress\/plugins\/seo\/ -->\n<title>Terres Secr\u00e8tes - Wine tourism<\/title>\n<meta name=\"robots\" content=\"index, follow, max-snippet:-1, max-image-preview:large, max-video-preview:-1\" \/>\n<link rel=\"canonical\" href=\"https:\/\/terres-secretes.com\/en\/wine-touris\/\" \/>\n<meta property=\"og:locale\" content=\"en_US\" \/>\n<meta property=\"og:type\" content=\"article\" \/>\n<meta property=\"og:title\" content=\"Terres Secr\u00e8tes - Wine tourism\" \/>\n<meta property=\"og:description\" content=\"Partager diff\u00e9remment la passion qui nous anime, amener chacun \u00e0 mieux comprendre le travail de nos vignerons, tels sont les souhaits des Vignerons des Terres Secr\u00e8tes. Tant\u00f4t swing, souvent rires, quelques fois balades, toujours gourmands, Les Vignerons des Terres Secr\u00e8tes vous donnent rendez-vous en plein c\u0153ur du M\u00e2connais. [...]Read More... from Wine tourism\" \/>\n<meta property=\"og:url\" content=\"https:\/\/terres-secretes.com\/en\/wine-touris\/\" \/>\n<meta property=\"og:site_name\" content=\"Terres Secr\u00e8tes\" \/>\n<meta property=\"article:publisher\" content=\"https:\/\/www.facebook.com\/vigneronsterressecretes\" \/>\n<meta property=\"article:modified_time\" content=\"2021-01-27T15:12:50+00:00\" \/>\n<meta name=\"twitter:card\" content=\"summary_large_image\" \/>\n<meta name=\"twitter:label1\" content=\"Est. reading time\" \/>\n\t<meta name=\"twitter:data1\" content=\"1 minute\" \/>\n<script type=\"application\/ld+json\" class=\"yoast-schema-graph\">{\"@context\":\"https:\/\/schema.org\",\"@graph\":[{\"@type\":\"WebPage\",\"@id\":\"https:\/\/terres-secretes.com\/en\/wine-touris\/\",\"url\":\"https:\/\/terres-secretes.com\/en\/wine-touris\/\",\"name\":\"Terres Secr\u00e8tes - Wine tourism\",\"isPartOf\":{\"@id\":\"https:\/\/terres-secretes.com\/#website\"},\"datePublished\":\"2021-01-21T09:47:20+00:00\",\"dateModified\":\"2021-01-27T15:12:50+00:00\",\"breadcrumb\":{\"@id\":\"https:\/\/terres-secretes.com\/en\/wine-touris\/#breadcrumb\"},\"inLanguage\":\"en-US\",\"potentialAction\":[{\"@type\":\"ReadAction\",\"target\":[\"https:\/\/terres-secretes.com\/en\/wine-touris\/\"]}]},{\"@type\":\"BreadcrumbList\",\"@id\":\"https:\/\/terres-secretes.com\/en\/wine-touris\/#breadcrumb\",\"itemListElement\":[{\"@type\":\"ListItem\",\"position\":1,\"name\":\"Accueil\",\"item\":\"https:\/\/terres-secretes.com\/en\/\"},{\"@type\":\"ListItem\",\"position\":2,\"name\":\"Wine tourism\"}]},{\"@type\":\"WebSite\",\"@id\":\"https:\/\/terres-secretes.com\/#website\",\"url\":\"https:\/\/terres-secretes.com\/\",\"name\":\"Terres Secr\u00e8tes\",\"description\":\"Depuis 1928\",\"publisher\":{\"@id\":\"https:\/\/terres-secretes.com\/#organization\"},\"potentialAction\":[{\"@type\":\"SearchAction\",\"target\":{\"@type\":\"EntryPoint\",\"urlTemplate\":\"https:\/\/terres-secretes.com\/?s={search_term_string}\"},\"query-input\":\"required name=search_term_string\"}],\"inLanguage\":\"en-US\"},{\"@type\":\"Organization\",\"@id\":\"https:\/\/terres-secretes.com\/#organization\",\"name\":\"Terres Secr\u00e8tes\",\"url\":\"https:\/\/terres-secretes.com\/\",\"logo\":{\"@type\":\"ImageObject\",\"inLanguage\":\"en-US\",\"@id\":\"https:\/\/terres-secretes.com\/#\/schema\/logo\/image\/\",\"url\":\"https:\/\/terres-secretes.com\/wp-content\/uploads\/2020\/12\/cropped-logo_vts.png\",\"contentUrl\":\"https:\/\/terres-secretes.com\/wp-content\/uploads\/2020\/12\/cropped-logo_vts.png\",\"width\":512,\"height\":512,\"caption\":\"Terres Secr\u00e8tes\"},\"image\":{\"@id\":\"https:\/\/terres-secretes.com\/#\/schema\/logo\/image\/\"},\"sameAs\":[\"https:\/\/www.facebook.com\/vigneronsterressecretes\",\"https:\/\/www.instagram.com\/terressecretes\/\",\"https:\/\/www.linkedin.com\/company\/vignerons-des-terres-secretes\/\",\"https:\/\/www.youtube.com\/channel\/UCKg0XZDmaHqOPTMfciTCSdw\"]}]}<\/script>\n<!-- \/ Yoast SEO plugin. -->","yoast_head_json":{"title":"Terres Secr\u00e8tes - Wine tourism","robots":{"index":"index","follow":"follow","max-snippet":"max-snippet:-1","max-image-preview":"max-image-preview:large","max-video-preview":"max-video-preview:-1"},"canonical":"https:\/\/terres-secretes.com\/en\/wine-touris\/","og_locale":"en_US","og_type":"article","og_title":"Terres Secr\u00e8tes - Wine tourism","og_description":"Partager diff\u00e9remment la passion qui nous anime, amener chacun \u00e0 mieux comprendre le travail de nos vignerons, tels sont les souhaits des Vignerons des Terres Secr\u00e8tes. Tant\u00f4t swing, souvent rires, quelques fois balades, toujours gourmands, Les Vignerons des Terres Secr\u00e8tes vous donnent rendez-vous en plein c\u0153ur du M\u00e2connais. [...]Read More... from Wine tourism","og_url":"https:\/\/terres-secretes.com\/en\/wine-touris\/","og_site_name":"Terres Secr\u00e8tes","article_publisher":"https:\/\/www.facebook.com\/vigneronsterressecretes","article_modified_time":"2021-01-27T15:12:50+00:00","twitter_card":"summary_large_image","twitter_misc":{"Est. reading time":"1 minute"},"schema":{"@context":"https:\/\/schema.org","@graph":[{"@type":"WebPage","@id":"https:\/\/terres-secretes.com\/en\/wine-touris\/","url":"https:\/\/terres-secretes.com\/en\/wine-touris\/","name":"Terres Secr\u00e8tes - Wine tourism","isPartOf":{"@id":"https:\/\/terres-secretes.com\/#website"},"datePublished":"2021-01-21T09:47:20+00:00","dateModified":"2021-01-27T15:12:50+00:00","breadcrumb":{"@id":"https:\/\/terres-secretes.com\/en\/wine-touris\/#breadcrumb"},"inLanguage":"en-US","potentialAction":[{"@type":"ReadAction","target":["https:\/\/terres-secretes.com\/en\/wine-touris\/"]}]},{"@type":"BreadcrumbList","@id":"https:\/\/terres-secretes.com\/en\/wine-touris\/#breadcrumb","itemListElement":[{"@type":"ListItem","position":1,"name":"Accueil","item":"https:\/\/terres-secretes.com\/en\/"},{"@type":"ListItem","position":2,"name":"Wine tourism"}]},{"@type":"WebSite","@id":"https:\/\/terres-secretes.com\/#website","url":"https:\/\/terres-secretes.com\/","name":"Terres Secr\u00e8tes","description":"Depuis 1928","publisher":{"@id":"https:\/\/terres-secretes.com\/#organization"},"potentialAction":[{"@type":"SearchAction","target":{"@type":"EntryPoint","urlTemplate":"https:\/\/terres-secretes.com\/?s={search_term_string}"},"query-input":"required name=search_term_string"}],"inLanguage":"en-US"},{"@type":"Organization","@id":"https:\/\/terres-secretes.com\/#organization","name":"Terres Secr\u00e8tes","url":"https:\/\/terres-secretes.com\/","logo":{"@type":"ImageObject","inLanguage":"en-US","@id":"https:\/\/terres-secretes.com\/#\/schema\/logo\/image\/","url":"https:\/\/terres-secretes.com\/wp-content\/uploads\/2020\/12\/cropped-logo_vts.png","contentUrl":"https:\/\/terres-secretes.com\/wp-content\/uploads\/2020\/12\/cropped-logo_vts.png","width":512,"height":512,"caption":"Terres Secr\u00e8tes"},"image":{"@id":"https:\/\/terres-secretes.com\/#\/schema\/logo\/image\/"},"sameAs":["https:\/\/www.facebook.com\/vigneronsterressecretes","https:\/\/www.instagram.com\/terressecretes\/","https:\/\/www.linkedin.com\/company\/vignerons-des-terres-secretes\/","https:\/\/www.youtube.com\/channel\/UCKg0XZDmaHqOPTMfciTCSdw"]}]}},"_links":{"self":[{"href":"https:\/\/terres-secretes.com\/en\/wp-json\/wp\/v2\/pages\/539"}],"collection":[{"href":"https:\/\/terres-secretes.com\/en\/wp-json\/wp\/v2\/pages"}],"about":[{"href":"https:\/\/terres-secretes.com\/en\/wp-json\/wp\/v2\/types\/page"}],"author":[{"embeddable":true,"href":"https:\/\/terres-secretes.com\/en\/wp-json\/wp\/v2\/users\/1"}],"replies":[{"embeddable":true,"href":"https:\/\/terres-secretes.com\/en\/wp-json\/wp\/v2\/comments?post=539"}],"version-history":[{"count":27,"href":"https:\/\/terres-secretes.com\/en\/wp-json\/wp\/v2\/pages\/539\/revisions"}],"predecessor-version":[{"id":659,"href":"https:\/\/terres-secretes.com\/en\/wp-json\/wp\/v2\/pages\/539\/revisions\/659"}],"wp:attachment":[{"href":"https:\/\/terres-secretes.com\/en\/wp-json\/wp\/v2\/media?parent=539"}],"curies":[{"name":"wp","href":"https:\/\/api.w.org\/{rel}","templated":true}]}}